{"id":1,"date":"2025-05-26T10:58:57","date_gmt":"2025-05-26T10:58:57","guid":{"rendered":"http:\/\/fumopanels.com\/?page_id=1"},"modified":"2025-10-08T15:32:08","modified_gmt":"2025-10-08T13:32:08","slug":"about","status":"publish","type":"page","link":"https:\/\/fumopanels.com\/pl\/about\/","title":{"rendered":"o nas"},"content":{"rendered":"<div class=\"wp-block-cover alignwide has-parallax\" style=\"min-height:25vh;aspect-ratio:unset;\"><div role=\"img\" aria-label=\"Malina Tezycka, the creator of Fumo Panels, holding multiple mycelium panel samples. The image highlights material variety and the hands-on nature of sustainable design innovation.\" class=\"wp-block-cover__image-background wp-image-217 size-full has-parallax\" style=\"background-position:50% 50%;background-image:url(https:\/\/fumopanels.com\/wp-content\/uploads\/2025\/06\/1v2a3680-kopia.jpeg)\"><\/div><span aria-hidden=\"true\" class=\"wp-block-cover__background has-secondary-background-color has-background-dim-30 has-background-dim\"><\/span><div class=\"wp-block-cover__inner-container is-layout-constrained wp-block-cover-is-layout-constrained\">\n<h2 class=\"wp-block-heading has-text-align-center has-urbanist-font-family has-xx-large-font-size\" style=\"padding-top:0;padding-bottom:0;font-style:normal;font-weight:300;letter-spacing:0px;line-height:1.5\">historia fumo<\/h2>\n\n\n\n<h1 class=\"wp-block-heading has-text-align-center has-white-color has-text-color has-link-color has-urbanist-font-family has-normal-font-size wp-elements-45fb7c778e8a8396e1bba4847cb845bb\" style=\"border-style:none;border-width:0px;margin-top:0;margin-bottom:0;padding-top:0;padding-bottom:0;font-style:normal;font-weight:300;letter-spacing:1px;line-height:1.5\">biomateria\u0142y z grzybni w duchu zr\u00f3wnowa\u017conego projektowania<\/h1>\n<\/div><\/div>\n\n\n\n<div class=\"wp-block-group is-layout-constrained wp-block-group-is-layout-constrained\" style=\"margin-top:var(--wp--preset--spacing--80);margin-bottom:var(--wp--preset--spacing--80)\">\n<h3 class=\"wp-block-heading has-text-align-center has-urbanist-font-family has-medium-font-size\" style=\"font-style:normal;font-weight:400\">Z pasji do natury i architektury powsta\u0142a idea, kt\u00f3ra \u0142\u0105czy nauk\u0119, design i zr\u00f3wnowa\u017cony rozw\u00f3j<\/h3>\n\n\n\n<p class=\"wp-block-paragraph\" style=\"margin-top:var(--wp--preset--spacing--70);margin-right:0;margin-bottom:var(--wp--preset--spacing--70);margin-left:0\">FUMO narodzi\u0142o si\u0119 w 2021 roku z pracy magisterskiej architektki Maliny Osekowskiej na uczelni Chalmers w G\u00f6teborgu.\nBez formalnego wykszta\u0142cenia w dziedzinie biotechnologii, Malina zacz\u0119\u0142a samodzielnie eksperymentowa\u0107 z hodowl\u0105 grzybni, kieruj\u0105c si\u0119 g\u0142\u0119bok\u0105 ciekawo\u015bci\u0105 natury i potencja\u0142u materia\u0142\u00f3w pochodzenia biologicznego.\nTo, co pocz\u0105tkowo by\u0142o projektem badawczym z pogranicza designu, szybko przerodzi\u0142o si\u0119 w pasj\u0119 do biomateria\u0142\u00f3w i ich zastosowania w architekturze.<\/p>\n\n\n\n<p class=\"wp-block-paragraph\">Dzi\u015b FUMO \u0142\u0105czy interdyscyplinarny zesp\u00f3\u0142, kt\u00f3ry spaja architektoniczne my\u015blenie z podej\u015bciem badawczym do grzybni.\nNasz\u0105 misj\u0105 jest przekszta\u0142canie odpad\u00f3w w design - wykorzystujemy biotechnologi\u0119 grzybni do tworzenia odnawialnych, estetycznych i funkcjonalnych paneli \u015bciennych.<\/p>\n\n\n\n<p class=\"wp-block-paragraph\">Panele FUMO to co\u015b wi\u0119cej ni\u017c estetyka.\nTworz\u0105 namacaln\u0105 wi\u0119\u017a mi\u0119dzy cz\u0142owiekiem a natur\u0105, przypominaj\u0105c o znaczeniu harmonii ze \u015brodowiskiem.<\/p>\n<\/div>\n\n\n\n<div class=\"wp-block-cover alignwide has-parallax\" style=\"border-style:none;border-width:0px;border-radius:0px;padding-top:0;padding-bottom:0;min-height:25vh;aspect-ratio:unset;\"><div class=\"wp-block-cover__image-background wp-image-269 size-full has-parallax\" style=\"background-position:50% 50%;background-image:url(https:\/\/fumopanels.com\/wp-content\/uploads\/2025\/06\/c1-session-26-lut-20244835-1-a-a.jpg)\"><\/div><span aria-hidden=\"true\" class=\"wp-block-cover__background has-secondary-background-color has-background-dim\"><\/span><div class=\"wp-block-cover__inner-container is-layout-constrained wp-block-cover-is-layout-constrained\">\n<h2 class=\"wp-block-heading has-text-align-center has-white-color has-custom-color-3-background-color has-text-color has-background has-link-color has-urbanist-font-family has-xx-large-font-size wp-elements-638d55230cd87b309bcf06287da1056c\" style=\"margin-top:0;margin-bottom:0;padding-top:0;padding-bottom:0;font-style:normal;font-weight:300;line-height:1\">Chcesz z nami wsp\u00f3\u0142pracowa\u0107?<\/h2>\n\n\n\n<h2 class=\"wp-block-heading has-text-align-center has-white-color has-text-color has-link-color has-normal-font-size wp-elements-6b0ff2690791c641e31611966923d533\" style=\"margin-top:0;margin-bottom:0;padding-top:0;padding-right:0;padding-bottom:0;padding-left:0;font-style:normal;font-weight:300;letter-spacing:1px;line-height:1.5\">Do\u0142\u0105cz do nas i tw\u00f3rz przysz\u0142o\u015b\u0107, kt\u00f3ra ro\u015bnie z natury. <\/h2>\n<\/div><\/div>\n\n\n\n<div class=\"wp-block-group is-layout-constrained wp-block-group-is-layout-constrained\" style=\"margin-top:var(--wp--preset--spacing--80);margin-bottom:var(--wp--preset--spacing--80)\">\n<p class=\"wp-block-paragraph\">Wraz z naszym rozwojem, innowacjami i nieustannym poszukiwaniem nowych mo\u017cliwo\u015bci, poszerzamy perspektyw\u0119 FUMO - wychodz\u0105c poza panele ku innym elementom wystroju wn\u0119trz.\nOd o\u015bwietlenia po funkcjonalne dekoracje, chcemy odkrywa\u0107 pe\u0142en potencja\u0142 grzybni w tworzeniu pi\u0119knych, \u015bwiadomych i biodegradowalnych obiekt\u00f3w do codziennych przestrzeni.<\/p>\n\n\n\n<p class=\"wp-block-paragraph\">Niezale\u017cnie od tego, czy poszukujesz zr\u00f3wnowa\u017conych materia\u0142\u00f3w do swojego projektu, czy badasz nowe mo\u017cliwo\u015bci wykorzystania grzybni w designie, ch\u0119tnie Ci\u0119 wys\u0142uchamy.<\/p>\n\n\n\n<div class=\"wp-block-group is-nowrap is-layout-flex wp-container-core-group-is-layout-930feb06 wp-block-group-is-layout-flex\">\n<div class=\"wp-block-buttons is-layout-flex wp-block-buttons-is-layout-flex\">\n<div class=\"wp-block-button has-custom-width wp-block-button__width-100 is-style-fill\"><a class=\"wp-block-button__link has-white-color has-custom-color-1-background-color has-text-color has-background has-link-color has-border-color has-white-border-color wp-element-button\" href=\"https:\/\/fumopanels.com\/pl\/contact-2\/\" style=\"border-style:dotted;border-width:2px;border-radius:100px;font-style:normal;font-weight:300\">skontaktuj si\u0119\u00a0z nami<\/a><\/div>\n<\/div>\n\n\n\n<p class=\"wp-block-paragraph\">zacznijmy wsp\u00f3\u0142prac\u0119<\/p>\n<\/div>\n<\/div>","protected":false},"excerpt":{"rendered":"<p>Driven by a passion for nature and architecture, FUMO brings together science, design, and sustainability into one vision FUMO was born in 2021 from the Master&#8217;s thesis of architect Malina Osekowska at CHALMERS University of Technology in Gothenburg. with no formal background in biotechnology, she began experimenting with growing mycelium from scratch, driven by a [&hellip;]<\/p>\n","protected":false},"author":266694514,"featured_media":241,"parent":0,"menu_order":0,"comment_status":"closed","ping_status":"closed","template":"","meta":{"_crdt_document":"","jetpack_post_was_ever_published":false,"footnotes":""},"class_list":["post-1","page","type-page","status-publish","has-post-thumbnail","hentry"],"jetpack_likes_enabled":true,"jetpack_sharing_enabled":true,"jetpack_shortlink":"https:\/\/wp.me\/Pgzyy7-1","jetpack-related-posts":[],"_links":{"self":[{"href":"https:\/\/fumopanels.com\/pl\/wp-json\/wp\/v2\/pages\/1","targetHints":{"allow":["GET"]}}],"collection":[{"href":"https:\/\/fumopanels.com\/pl\/wp-json\/wp\/v2\/pages"}],"about":[{"href":"https:\/\/fumopanels.com\/pl\/wp-json\/wp\/v2\/types\/page"}],"author":[{"embeddable":true,"href":"https:\/\/fumopanels.com\/pl\/wp-json\/wp\/v2\/users\/266694514"}],"replies":[{"embeddable":true,"href":"https:\/\/fumopanels.com\/pl\/wp-json\/wp\/v2\/comments?post=1"}],"version-history":[{"count":27,"href":"https:\/\/fumopanels.com\/pl\/wp-json\/wp\/v2\/pages\/1\/revisions"}],"predecessor-version":[{"id":884,"href":"https:\/\/fumopanels.com\/pl\/wp-json\/wp\/v2\/pages\/1\/revisions\/884"}],"wp:featuredmedia":[{"embeddable":true,"href":"https:\/\/fumopanels.com\/pl\/wp-json\/wp\/v2\/media\/241"}],"wp:attachment":[{"href":"https:\/\/fumopanels.com\/pl\/wp-json\/wp\/v2\/media?parent=1"}],"curies":[{"name":"wp","href":"https:\/\/api.w.org\/{rel}","templated":true}]}}